{"id":23,"date":"2025-06-11T10:45:43","date_gmt":"2025-06-11T10:45:43","guid":{"rendered":"http:\/\/earzewc.cluster100.hosting.ovh.net\/wp\/?page_id=23"},"modified":"2025-08-25T14:55:34","modified_gmt":"2025-08-25T14:55:34","slug":"kontakt","status":"publish","type":"page","link":"https:\/\/rodzielonadolina.pl\/?page_id=23","title":{"rendered":"Kontakt"},"content":{"rendered":"<h6>Rodzinny Ogr\u00f3d Dzia\u0142kowy &nbsp;<strong>&#8222;Zielona Dolina&#8221;<\/strong><\/h6>\n<p>ul. Ko\u015bcielna 42<\/p>\n<p>19-100 Mo\u0144ki<\/p>\n<p>woj. Podlaskie<\/p>\n<p>NIP: 546-12-69-895<\/p>\n<p>tel. 720-773-380 w godz. (9-18)&nbsp;<\/p>\n<p>e-mail: <span id=\"cloak5ca30bc42ee61f71653137a9d0b76f95\"><a href=\"mailto:biuro@rodzielonadolina.pl\">biuro@rodzielonadolina.pl<\/a><\/span><\/p>\n<pre>&nbsp;<\/pre>\n<div class=\"fcbkbttn_buttons_block\" id=\"fcbkbttn_left\"><div class=\"fb-share-button  \" data-href=\"https:\/\/rodzielonadolina.pl\/?page_id=23\" data-type=\"button_count\" data-size=\"small\"><\/div><\/div>","protected":false},"excerpt":{"rendered":"<p>Rodzinny Ogr\u00f3d Dzia\u0142kowy &nbsp;&#8222;Zielona Dolina&#8221; ul. Ko\u015bcielna 42 19-100 Mo\u0144ki woj. Podlaskie NIP: 546-12-69-895 tel. 720-773-380 w godz. (9-18)&nbsp; e-mail: biuro@rodzielonadolina.pl &nbsp;<\/p>\n","protected":false},"author":1,"featured_media":0,"parent":0,"menu_order":0,"comment_status":"closed","ping_status":"closed","template":"","meta":{"ngg_post_thumbnail":0,"footnotes":""},"class_list":["post-23","page","type-page","status-publish","hentry"],"_links":{"self":[{"href":"https:\/\/rodzielonadolina.pl\/index.php?rest_route=\/wp\/v2\/pages\/23","targetHints":{"allow":["GET"]}}],"collection":[{"href":"https:\/\/rodzielonadolina.pl\/index.php?rest_route=\/wp\/v2\/pages"}],"about":[{"href":"https:\/\/rodzielonadolina.pl\/index.php?rest_route=\/wp\/v2\/types\/page"}],"author":[{"embeddable":true,"href":"https:\/\/rodzielonadolina.pl\/index.php?rest_route=\/wp\/v2\/users\/1"}],"replies":[{"embeddable":true,"href":"https:\/\/rodzielonadolina.pl\/index.php?rest_route=%2Fwp%2Fv2%2Fcomments&post=23"}],"version-history":[{"count":7,"href":"https:\/\/rodzielonadolina.pl\/index.php?rest_route=\/wp\/v2\/pages\/23\/revisions"}],"predecessor-version":[{"id":290,"href":"https:\/\/rodzielonadolina.pl\/index.php?rest_route=\/wp\/v2\/pages\/23\/revisions\/290"}],"wp:attachment":[{"href":"https:\/\/rodzielonadolina.pl\/index.php?rest_route=%2Fwp%2Fv2%2Fmedia&parent=23"}],"curies":[{"name":"wp","href":"https:\/\/api.w.org\/{rel}","templated":true}]}}