{"id":2,"date":"2025-06-11T08:17:38","date_gmt":"2025-06-11T08:17:38","guid":{"rendered":"http:\/\/earzewc.cluster100.hosting.ovh.net\/wp\/?page_id=2"},"modified":"2025-06-11T10:35:41","modified_gmt":"2025-06-11T10:35:41","slug":"sample-page","status":"publish","type":"page","link":"https:\/\/rodzielonadolina.pl\/","title":{"rendered":"Start"},"content":{"rendered":"\r\n<div class=\"x11i5rnm xat24cr x1mh8g0r x1vvkbs xtlvy1s x126k92a\">\r\n<div><strong>INFORMACJA<\/strong><\/div>\r\n<div dir=\"auto\">\u00a0<\/div>\r\n<div dir=\"auto\">\u00a0<\/div>\r\n<\/div>\r\n<div class=\"x11i5rnm xat24cr x1mh8g0r x1vvkbs xtlvy1s x126k92a\">\r\n<div class=\"x11i5rnm xat24cr x1mh8g0r x1vvkbs xtlvy1s x126k92a\">\r\n<div dir=\"auto\">W zwi\u0105zku z obwieszczeniem Burmistrza Moniek z dn. 8 pa\u017adziernika 2024 r. o przyst\u0105pieniu do sporz\u0105dzenia planu og\u00f3lnego gminy Mo\u0144ki, w kt\u00f3rym wyznaczono termin<\/div>\r\n<div dir=\"auto\">na sk\u0142adanie wniosk\u00f3w do dnia 29 pa\u017adziernika 2024 r.<\/div>\r\n<\/div>\r\n<div class=\"x11i5rnm xat24cr x1mh8g0r x1vvkbs xtlvy1s x126k92a\">\r\n<div dir=\"auto\">Wz\u00f3r\u00a0wniosku dzia\u0142kowca wymaga samodzielnego wpisania przez niego jego danych (punkt<\/div>\r\n<div dir=\"auto\">4 formularza), a tak\u017ce zaznaczenia odpowiedniej rubryki odno\u015bnie wyra\u017cenia zgody lub jej braku na otrzymywanie korespondencji elektronicznej (punkt 8 formularza).<\/div>\r\n<div>\r\n<p>&nbsp;<\/p>\r\n<p>Zainteresowani mog\u0105 sk\u0142ada\u0107 wnioski do wy\u017cej wymienionego planu og\u00f3lnego:<br \/>osobi\u015bcie lub drog\u0105 pocztow\u0105 na adres Urz\u0119du Miejskiego w Mo\u0144kach, ul. J. S\u0142owackiego 5A,<br \/>19-100 Mo\u0144ki,<br \/>w postaci elektronicznej za pomoc\u0105 \u015brodk\u00f3w komunikacji elektronicznej (ePUAP) \/ummonki\/SkrytkaESP, poczty elektronicznej na adres:\u00a0<span id=\"cloak6245da9e3d1968cdcdcb1954676c46fa\"><a href=\"mailto:sekretariat@um-monki.pl\">sekretariat@um-monki.pl<\/a><\/span>\u00a0(bez<br \/>konieczno\u015bci oprawiania pisma podpisem elektronicznym)<\/p>\r\n<p>w terminie do dnia 29.10.2024 r.<\/p>\r\n<\/div>\r\n<\/div>\r\n<\/div>\r\n<div class=\"fcbkbttn_buttons_block\" id=\"fcbkbttn_left\"><div class=\"fb-share-button  \" data-href=\"https:\/\/rodzielonadolina.pl\/\" data-type=\"button_count\" data-size=\"small\"><\/div><\/div>","protected":false},"excerpt":{"rendered":"<p>INFORMACJA \u00a0 \u00a0 W zwi\u0105zku z obwieszczeniem Burmistrza Moniek z dn. 8 pa\u017adziernika 2024 r. o przyst\u0105pieniu do sporz\u0105dzenia planu og\u00f3lnego gminy Mo\u0144ki, w kt\u00f3rym wyznaczono termin na sk\u0142adanie wniosk\u00f3w do dnia 29 pa\u017adziernika 2024 r. Wz\u00f3r\u00a0wniosku dzia\u0142kowca wymaga samodzielnego wpisania przez niego jego danych (punkt 4 formularza), a tak\u017ce zaznaczenia odpowiedniej rubryki odno\u015bnie wyra\u017cenia [&hellip;]<\/p>\n","protected":false},"author":1,"featured_media":0,"parent":0,"menu_order":0,"comment_status":"closed","ping_status":"open","template":"","meta":{"ngg_post_thumbnail":0,"footnotes":""},"class_list":["post-2","page","type-page","status-publish","hentry"],"_links":{"self":[{"href":"https:\/\/rodzielonadolina.pl\/index.php?rest_route=\/wp\/v2\/pages\/2","targetHints":{"allow":["GET"]}}],"collection":[{"href":"https:\/\/rodzielonadolina.pl\/index.php?rest_route=\/wp\/v2\/pages"}],"about":[{"href":"https:\/\/rodzielonadolina.pl\/index.php?rest_route=\/wp\/v2\/types\/page"}],"author":[{"embeddable":true,"href":"https:\/\/rodzielonadolina.pl\/index.php?rest_route=\/wp\/v2\/users\/1"}],"replies":[{"embeddable":true,"href":"https:\/\/rodzielonadolina.pl\/index.php?rest_route=%2Fwp%2Fv2%2Fcomments&post=2"}],"version-history":[{"count":2,"href":"https:\/\/rodzielonadolina.pl\/index.php?rest_route=\/wp\/v2\/pages\/2\/revisions"}],"predecessor-version":[{"id":298,"href":"https:\/\/rodzielonadolina.pl\/index.php?rest_route=\/wp\/v2\/pages\/2\/revisions\/298"}],"wp:attachment":[{"href":"https:\/\/rodzielonadolina.pl\/index.php?rest_route=%2Fwp%2Fv2%2Fmedia&parent=2"}],"curies":[{"name":"wp","href":"https:\/\/api.w.org\/{rel}","templated":true}]}}