{"id":18,"date":"2025-06-11T10:34:08","date_gmt":"2025-06-11T10:34:08","guid":{"rendered":"http:\/\/earzewc.cluster100.hosting.ovh.net\/wp\/?page_id=18"},"modified":"2025-06-22T16:51:49","modified_gmt":"2025-06-22T16:51:49","slug":"oplaty","status":"publish","type":"page","link":"https:\/\/rodzielonadolina.pl\/?page_id=18","title":{"rendered":"Op\u0142aty"},"content":{"rendered":"<h1>&nbsp;<\/h1>\n<hr>\n<h1><strong>OP\u0141ATY W ROKU 2025<\/strong><\/h1>\n<p>P\u0142atne do <strong>30.06.2025<\/strong> r.<\/p>\n<p>&#8211; op\u0142ata ogrodowa&nbsp;<strong>0,95<\/strong>&nbsp;z\u0142&nbsp;\/ m2<\/p>\n<p>&#8211; sk\u0142adka cz\u0142onkowska&nbsp;<strong>10&nbsp;z\u0142<\/strong><\/p>\n<p>&#8211; wyw\u00f3z nieczysto\u015bci&nbsp;<strong>15&nbsp;z\u0142<\/strong><\/p>\n<p>&#8211; budowa \u015bwietlicy ROD&nbsp;<strong>50 z\u0142<\/strong>&nbsp;( zgodnie z uchwa\u0142\u0105&nbsp; WZ 8\/2023.)<\/p>\n<hr>\n<p>&nbsp;P\u0142atne do 31.12.2025 r.<\/p>\n<p>&#8211; op\u0142ata energetyczna&nbsp;<strong>17 z\u0142<\/strong><\/p>\n<p>&#8211; op\u0142ata wodna <strong>6&nbsp;z\u0142<\/strong><\/p>\n<p>&nbsp;<\/p>\n<p><em>&nbsp;<strong>**\u00a7 83 [Op\u0142aty ogrodowe]<\/strong><\/em><\/p>\n<p><em><strong>1. Dzia\u0142kowiec jest obowi\u0105zany uczestniczy\u0107 w pokrywaniu koszt\u00f3w funkcjonowania ROD w cz\u0119\u015bciach przypadaj\u0105cych na jego dzia\u0142k\u0119, przez uiszczanie op\u0142at ogrodowych.<\/strong><\/em><\/p>\n<p><em><strong>2. Op\u0142aty ogrodowe s\u0105 uchwalane corocznie przez walne zebranie, kt\u00f3re okre\u015bla wysoko\u015b\u0107 lub spos\u00f3b wyliczenia tych op\u0142at oraz termin jej uiszczenia, jednak nie p\u00f3\u017aniej ni\u017c do 30 czerwca.<\/strong><\/em><\/p>\n<p>&nbsp;<\/p>\n<p>&nbsp;<\/p>\n<hr>\n<p><strong>OP\u0141ATY DLA NOWYCH CZ\u0141ONK\u00d3W ROD:<\/strong><\/p>\n<p>280&nbsp; z\u0142 \u2013 OP\u0141ATA INWESTYCYJNA<\/p>\n<p>400 z\u0142 \u2013 WPISOWE<\/p>\n<hr>\n<p><strong>POZOSTA\u0141E OP\u0141ATY:<\/strong><\/p>\n<p>50 z\u0142 &#8211;&nbsp; DOPROWADZENIE WODY&nbsp;<\/p>\n<p>150 z\u0142&nbsp; \u2013 DOPROWADZENIE PR\u0104DU&nbsp;<\/p>\n<p>=========================================================<\/p>\n<p><strong>50 zl &#8211; ponowne pod\u0142\u0105czenie pr\u0105du \/po odci\u0119ciu\/<\/strong><\/p>\n<p><strong>50 zl &#8211; ponowne pod\u0142\u0105czenie wody \/po odci\u0119ciu\/<\/strong><\/p>\n<p><strong>&nbsp;<\/strong><\/p>\n<p>NR.KONTA:&nbsp; &nbsp;<strong>50808500050000049120000010 <\/strong>&nbsp; &#8211;&nbsp; &nbsp;Bank Sp\u00f3\u0142dzielczy w Mo\u0144kach<\/p>\n<div class=\"fcbkbttn_buttons_block\" id=\"fcbkbttn_left\"><div class=\"fb-share-button  \" data-href=\"https:\/\/rodzielonadolina.pl\/?page_id=18\" data-type=\"button_count\" data-size=\"small\"><\/div><\/div>","protected":false},"excerpt":{"rendered":"<p>&nbsp; OP\u0141ATY W ROKU 2025 P\u0142atne do 30.06.2025 r. &#8211; op\u0142ata ogrodowa&nbsp;0,95&nbsp;z\u0142&nbsp;\/ m2 &#8211; sk\u0142adka cz\u0142onkowska&nbsp;10&nbsp;z\u0142 &#8211; wyw\u00f3z nieczysto\u015bci&nbsp;15&nbsp;z\u0142 &#8211; budowa \u015bwietlicy ROD&nbsp;50 z\u0142&nbsp;( zgodnie z uchwa\u0142\u0105&nbsp; WZ 8\/2023.) &nbsp;P\u0142atne do 31.12.2025 r. &#8211; op\u0142ata energetyczna&nbsp;17 z\u0142 &#8211; op\u0142ata wodna 6&nbsp;z\u0142 &nbsp; &nbsp;**\u00a7 83 [Op\u0142aty ogrodowe] 1. Dzia\u0142kowiec jest obowi\u0105zany uczestniczy\u0107 w pokrywaniu koszt\u00f3w funkcjonowania [&hellip;]<\/p>\n","protected":false},"author":1,"featured_media":0,"parent":0,"menu_order":0,"comment_status":"closed","ping_status":"closed","template":"","meta":{"ngg_post_thumbnail":0,"footnotes":""},"class_list":["post-18","page","type-page","status-publish","hentry"],"_links":{"self":[{"href":"https:\/\/rodzielonadolina.pl\/index.php?rest_route=\/wp\/v2\/pages\/18","targetHints":{"allow":["GET"]}}],"collection":[{"href":"https:\/\/rodzielonadolina.pl\/index.php?rest_route=\/wp\/v2\/pages"}],"about":[{"href":"https:\/\/rodzielonadolina.pl\/index.php?rest_route=\/wp\/v2\/types\/page"}],"author":[{"embeddable":true,"href":"https:\/\/rodzielonadolina.pl\/index.php?rest_route=\/wp\/v2\/users\/1"}],"replies":[{"embeddable":true,"href":"https:\/\/rodzielonadolina.pl\/index.php?rest_route=%2Fwp%2Fv2%2Fcomments&post=18"}],"version-history":[{"count":9,"href":"https:\/\/rodzielonadolina.pl\/index.php?rest_route=\/wp\/v2\/pages\/18\/revisions"}],"predecessor-version":[{"id":288,"href":"https:\/\/rodzielonadolina.pl\/index.php?rest_route=\/wp\/v2\/pages\/18\/revisions\/288"}],"wp:attachment":[{"href":"https:\/\/rodzielonadolina.pl\/index.php?rest_route=%2Fwp%2Fv2%2Fmedia&parent=18"}],"curies":[{"name":"wp","href":"https:\/\/api.w.org\/{rel}","templated":true}]}}